{"id":36304,"date":"2023-03-07T14:15:47","date_gmt":"2023-03-07T11:15:47","guid":{"rendered":"https:\/\/www.birikimmekatronik.com\/bize-ulasin\/"},"modified":"2026-03-05T16:09:11","modified_gmt":"2026-03-05T13:09:11","slug":"bize-ulasin","status":"publish","type":"page","link":"https:\/\/www.birikimmekatronik.com\/en\/bize-ulasin\/","title":{"rendered":"Bize Ula\u015f\u0131n"},"content":{"rendered":"<p>Bize Ula\u015f\u0131n<\/p>\n<h1\n\t\t\t>Sorunuz mu Var?<\/h1>\n<p>Soru ve g\u00f6r\u00fc\u015fleriniz i\u00e7in telefon, mail veya ileti\u015fim formu ile bizimle ileti\u015fime ge\u00e7ebilir, dilerseniz ofisimizi ziyaret edebilirsiniz.<\/p>\n<p>\t\t\t\t\t\u0130stanbul \u2014Maslak Mah. Maslak Meydan Sk.Beybi Giz Plaza No:1\/55 Sar\u0131yer<a href=\"tel:905016625156\"><br \/>\n                        +90 501 662 51 56<br \/>\n                        <\/a><a href=\"tel:905016625156\"\n                       ><br \/>\n                        <\/a><a href=\"mailto:info@birikimmekatronik.com\">info@birikimmekatronik.com<\/a><!-- \/.sc_icons -->\t\t\t\t<\/p>\n<p role=\"status\" aria-live=\"polite\" aria-atomic=\"true\">\n<ul><\/ul>\n<form action=\"\/wp-admin\/admin-ajax.php#wpcf7-f232-o1\" method=\"post\" aria-label=\"Contact form\" novalidate=\"novalidate\" data-status=\"init\">\n<fieldset><input type=\"hidden\" name=\"_wpcf7\" value=\"232\" \/><input type=\"hidden\" name=\"_wpcf7_version\" value=\"6.1.5\" \/><input type=\"hidden\" name=\"_wpcf7_locale\" value=\"en_US\" \/><input type=\"hidden\" name=\"_wpcf7_unit_tag\" value=\"wpcf7-f232-o1\" \/><input type=\"hidden\" name=\"_wpcf7_container_post\" value=\"0\" \/><input type=\"hidden\" name=\"_wpcf7_posted_data_hash\" value=\"\" \/><br \/>\n<\/fieldset>\n<p><input size=\"40\" maxlength=\"400\" aria-required=\"true\" aria-invalid=\"false\" placeholder=\"\u0130sminiz\" value=\"\" type=\"text\" name=\"your-name\" \/>\n\t\t\t<\/p>\n<p><input size=\"40\" maxlength=\"400\" aria-required=\"true\" aria-invalid=\"false\" placeholder=\"Email Adresi\" value=\"\" type=\"email\" name=\"your-email\" \/>\n\t\t\t<\/p>\n<p><input size=\"40\" maxlength=\"400\" aria-required=\"true\" aria-invalid=\"false\" placeholder=\"Telefon\" value=\"\" type=\"tel\" name=\"phone\" \/>\n\t\t\t<\/p>\n<p><input size=\"40\" maxlength=\"400\" aria-required=\"true\" aria-invalid=\"false\" placeholder=\"Konu\" value=\"\" type=\"text\" name=\"subject\" \/>\n\t\t\t<\/p>\n<p><textarea cols=\"40\" rows=\"10\" maxlength=\"2000\" aria-required=\"true\" aria-invalid=\"false\" placeholder=\"Nas\u0131l yard\u0131mc\u0131 olabiliriz? Mesaj\u0131n\u0131z\u0131 yaz\u0131n...\" name=\"your-message\"><\/textarea>\n\t\t\t<\/p>\n<p><input type=\"submit\" value=\"G\u00f6nder\" \/><label><input type=\"checkbox\" name=\"acceptance\" value=\"1\" aria-invalid=\"false\" \/>Verilerimin do\u011frulu\u011funu onayl\u0131yorum. <a href=\"https:\/\/www.birikimmekatronik.com\/en\/privacy-policy\/\">Gizlilik Politikas\u0131<\/a>.<\/label>\n\t<\/p>\n<\/form>\n<p>\t\t\t\t\t<iframe\n\t\t\t\t\t\tsrc=\"https:\/\/maps.google.com\/maps?t=m&#038;output=embed&#038;iwloc=near&#038;z=15&#038;q=41.110159199204105%2C+29.02052287744201\"\n\t\t\t\t\t\taria-label=\"One\"><\/iframe><\/p>\n<style type=\"text\/css\">.trx_addons_inline_739692061{width:100%;height:590px;}<\/style>\n<aside>\n\t\t\t<\/aside>\n<p>\t\t\t\t\tneler yap\u0131yoruz?<\/p>\n<h1\n\t\t\t>Gururla \u00c7al\u0131\u015f\u0131yoruz<\/h1>\n<p>Uzun y\u0131llara dayanan tecr\u00fcbemiz ve i\u015f anlay\u0131\u015f\u0131m\u0131zla, t\u00fcm m\u00fc\u015fterilerimize ve i\u015f ortaklar\u0131m\u0131za her zaman kazand\u0131ran, onlar\u0131n y\u00fcz\u00fcn\u00fc g\u00fcld\u00fcren bir marka olman\u0131n gururuyla \u00e7al\u0131\u015f\u0131yoruz.<\/p>\n","protected":false},"excerpt":{"rendered":"<p>Bize Ula\u015f\u0131n Sorunuz mu Var? Soru ve g\u00f6r\u00fc\u015fleriniz i\u00e7in telefon, mail veya ileti\u015fim formu ile bizimle ileti\u015fime ge\u00e7ebilir, dilerseniz ofisimizi ziyaret edebilirsiniz. \u0130stanbul \u2014Maslak Mah. Maslak Meydan Sk.Beybi Giz Plaza&hellip;<\/p>\n","protected":false},"author":1,"featured_media":0,"parent":0,"menu_order":0,"comment_status":"closed","ping_status":"closed","template":"","meta":{"footnotes":""},"class_list":["post-36304","page","type-page","status-publish","hentry"],"_links":{"self":[{"href":"https:\/\/www.birikimmekatronik.com\/en\/wp-json\/wp\/v2\/pages\/36304","targetHints":{"allow":["GET"]}}],"collection":[{"href":"https:\/\/www.birikimmekatronik.com\/en\/wp-json\/wp\/v2\/pages"}],"about":[{"href":"https:\/\/www.birikimmekatronik.com\/en\/wp-json\/wp\/v2\/types\/page"}],"author":[{"embeddable":true,"href":"https:\/\/www.birikimmekatronik.com\/en\/wp-json\/wp\/v2\/users\/1"}],"replies":[{"embeddable":true,"href":"https:\/\/www.birikimmekatronik.com\/en\/wp-json\/wp\/v2\/comments?post=36304"}],"version-history":[{"count":7,"href":"https:\/\/www.birikimmekatronik.com\/en\/wp-json\/wp\/v2\/pages\/36304\/revisions"}],"predecessor-version":[{"id":36312,"href":"https:\/\/www.birikimmekatronik.com\/en\/wp-json\/wp\/v2\/pages\/36304\/revisions\/36312"}],"wp:attachment":[{"href":"https:\/\/www.birikimmekatronik.com\/en\/wp-json\/wp\/v2\/media?parent=36304"}],"curies":[{"name":"wp","href":"https:\/\/api.w.org\/{rel}","templated":true}]}}